{"id":487,"date":"2017-10-31T16:38:20","date_gmt":"2017-10-31T15:38:20","guid":{"rendered":"http:\/\/relaunch.jung-transformatoren.de\/?page_id=487"},"modified":"2022-10-27T20:55:51","modified_gmt":"2022-10-27T18:55:51","slug":"impressum","status":"publish","type":"page","link":"https:\/\/jung-transformatoren.de\/en\/impressum\/","title":{"rendered":"Impressum"},"content":{"rendered":"<section class=\"l-section wpb_row height_medium\"><div class=\"l-section-h i-cf\"><div class=\"g-cols vc_row via_flex valign_top type_default stacking_default\"><div class=\"vc_col-sm-12 wpb_column vc_column_container\"><div class=\"vc_column-inner\"><div class=\"wpb_wrapper\">[vc_custom_heading text=&#8221;Impressum&#8221; font_container=&#8221;tag:h1|text_align:center&#8221; use_theme_fonts=&#8221;yes&#8221;]<div class=\"wpb_text_column lead\"><div class=\"wpb_wrapper\"><p style=\"text-align: center;\">Rechtliche Angaben gem\u00e4\u00df \u00a7 5 TMG<\/p>\n<\/div><\/div><div class=\"w-separator hr-custom size_small with_line width_30 thick_1 style_solid color_border align_center\"><div class=\"w-separator-h\"><\/div><\/div><\/div><\/div><\/div><\/div><\/div><\/section><section class=\"l-section wpb_row height_auto\"><div class=\"l-section-h i-cf\"><div class=\"g-cols vc_row via_flex valign_top type_default stacking_default\"><div class=\"vc_col-sm-4 wpb_column vc_column_container\"><div class=\"vc_column-inner\"><div class=\"wpb_wrapper\"><div class=\"wpb_text_column\"><div class=\"wpb_wrapper\"><h2>Anschrift:<\/h2>\n<p>Jung Elektroger\u00e4tebau GmbH<br \/>\nRathausstrasse 38-40<br \/>\n57234 Wilnsdorf<\/p>\n<h2>Vertreten durch:<\/h2>\n<p>Elfi Jung<\/p>\n<h2>Kontakt:<\/h2>\n<p>Telefon: 02739 \/ 403387-0<br \/>\nTelefax: 02739 \/ 4269<br \/>\nE-mail: info[at]jung-transformatoren.de<\/p>\n<h2>Registereintrag:<\/h2>\n<p>Eintragung im Handelsregister.<br \/>\nRegistergericht:Siegen<br \/>\nRegisternummer: HRB 4335<\/p>\n<h2>Umsatzsteuer-ID:<\/h2>\n<p>Umsatzsteuer-Identifikationsnummer gem\u00e4\u00df \u00a727 a Umsatzsteuergesetz:<br \/>\n342\/5735\/0010<\/p>\n<h2>Design und Umsetzung:<\/h2>\n<p>Matth\u00e4us Wende<br \/>\n<a title=\"Matthaeus Wende | Grafikdesign - Web - 3D\" href=\"https:\/\/www.matthaeus-wende.de\" target=\"_blank\" rel=\"noopener noreferrer\">www.matthaeus-wende.de<\/a><br \/>\n<a href=\"mailto:info@matthaeus-wende.de\">info@matthaeus-wende.de<\/a><\/p>\n<\/div><\/div><\/div><\/div><\/div><div class=\"vc_col-sm-8 wpb_column vc_column_container\"><div class=\"vc_column-inner\"><div class=\"wpb_wrapper\"><div class=\"wpb_text_column\"><div class=\"wpb_wrapper\"><h2>Haftungsausschluss:<\/h2>\n<p><strong>Haftung f\u00fcr Inhalte<\/strong><\/p>\n<p>Die Inhalte unserer Seiten wurden mit gr\u00f6\u00dfter Sorgfalt erstellt. F\u00fcr die Richtigkeit, Vollst\u00e4ndigkeit und Aktualit\u00e4t der Inhalte k\u00f6nnen wir jedoch keine Gew\u00e4hr \u00fcbernehmen. Als Diensteanbieter sind wir gem\u00e4\u00df \u00a7 7 Abs.1 TMG f\u00fcr eigene Inhalte auf diesen Seiten nach den allgemeinen Gesetzen verantwortlich. Nach \u00a7\u00a7 8 bis 10 TMG sind wir als Diensteanbieter jedoch nicht verpflichtet, \u00fcbermittelte oder gespeicherte fremde Informationen zu \u00fcberwachen oder nach Umst\u00e4nden zu forschen, die auf eine rechtswidrige T\u00e4tigkeit hinweisen. Verpflichtungen zur Entfernung oder Sperrung der Nutzung von Informationen nach den allgemeinen Gesetzen bleiben hiervon unber\u00fchrt. Eine diesbez\u00fcgliche Haftung ist jedoch erst ab dem Zeitpunkt der Kenntnis einer konkreten Rechtsverletzung m\u00f6glich. Bei Bekanntwerden von entsprechenden Rechtsverletzungen werden wir diese Inhalte umgehend entfernen.<\/p>\n<p><strong>Haftung f\u00fcr Links<\/strong><\/p>\n<p>Unser Angebot enth\u00e4lt Links zu externen Webseiten Dritter, auf deren Inhalte wir keinen Einfluss haben. Deshalb k\u00f6nnen wir f\u00fcr diese fremden Inhalte auch keine Gew\u00e4hr \u00fcbernehmen. F\u00fcr die Inhalte der verlinkten Seiten ist stets der jeweilige Anbieter oder Betreiber der Seiten verantwortlich. Die verlinkten Seiten wurden zum Zeitpunkt der Verlinkung auf m\u00f6gliche Rechtsverst\u00f6\u00dfe \u00fcberpr\u00fcft. Rechtswidrige Inhalte waren zum Zeitpunkt der Verlinkung nicht erkennbar. Eine permanente inhaltliche Kontrolle der verlinkten Seiten ist jedoch ohne konkrete Anhaltspunkte einer Rechtsverletzung nicht zumutbar. Bei Bekanntwerden von Rechtsverletzungen werden wir derartige Links umgehend entfernen.<\/p>\n<p><strong>Urheberrecht<\/strong><\/p>\n<p>Die durch die Seitenbetreiber erstellten Inhalte und Werke auf diesen Seiten unterliegen dem deutschen Urheberrecht. Die Vervielf\u00e4ltigung, Bearbeitung, Verbreitung und jede Art der Verwertung au\u00dferhalb der Grenzen des Urheberrechtes bed\u00fcrfen der schriftlichen Zustimmung des jeweiligen Autors bzw. Erstellers. Downloads und Kopien dieser Seite sind nur f\u00fcr den privaten, nicht kommerziellen Gebrauch gestattet. Soweit die Inhalte auf dieser Seite nicht vom Betreiber erstellt wurden, werden die Urheberrechte Dritter beachtet. Insbesondere werden Inhalte Dritter als solche gekennzeichnet. Sollten Sie trotzdem auf eine Urheberrechtsverletzung aufmerksam werden, bitten wir um einen entsprechenden Hinweis. Bei Bekanntwerden von Rechtsverletzungen werden wir derartige Inhalte umgehend entfernen.<\/p>\n<\/div><\/div><\/div><\/div><\/div><\/div><\/div><\/section><section class=\"l-section wpb_row height_medium\"><div class=\"l-section-h i-cf\"><div class=\"g-cols vc_row via_flex valign_top type_default stacking_default\"><div class=\"vc_col-sm-12 wpb_column vc_column_container\"><div class=\"vc_column-inner\"><div class=\"wpb_wrapper\"><\/div><\/div><\/div><\/div><\/div><\/section>\n","protected":false},"excerpt":{"rendered":"[vc_custom_heading text=\"Impressum\" font_container=\"tag:h1|text_align:center\" use_theme_fonts=\"yes\"]Rechtliche Angaben gem\u00e4\u00df \u00a7 5 TMG Anschrift: Jung Elektroger\u00e4tebau GmbH Rathausstrasse 38-40 57234 Wilnsdorf Vertreten durch: Elfi Jung Kontakt: Telefon: 02739 \/ 403387-0 Telefax: 02739 \/ 4269 E-mail: info[at]jung-transformatoren.de Registereintrag: Eintragung im Handelsregister. Registergericht:Siegen Registernummer: HRB 4335 Umsatzsteuer-ID: Umsatzsteuer-Identifikationsnummer gem\u00e4\u00df \u00a727 a Umsatzsteuergesetz: 342\/5735\/0010 Design und Umsetzung: Matth\u00e4us Wende www.matthaeus-wende.de info@matthaeus-wende.de Haftungsausschluss:...","protected":false},"author":1,"featured_media":0,"parent":0,"menu_order":0,"comment_status":"closed","ping_status":"open","template":"","meta":{"footnotes":""},"class_list":["post-487","page","type-page","status-publish","hentry"],"yoast_head":"<!-- This site is optimized with the Yoast SEO plugin v27.1.1 - https:\/\/yoast.com\/product\/yoast-seo-wordpress\/ -->\n<title>Impressum - Jung Transformatoren<\/title>\n<meta name=\"robots\" content=\"index, follow, max-snippet:-1, max-image-preview:large, max-video-preview:-1\" \/>\n<link rel=\"canonical\" href=\"https:\/\/jung-transformatoren.de\/en\/impressum\/\" \/>\n<meta property=\"og:locale\" content=\"en_US\" \/>\n<meta property=\"og:type\" content=\"article\" \/>\n<meta property=\"og:title\" content=\"Impressum - Jung Transformatoren\" \/>\n<meta property=\"og:url\" content=\"https:\/\/jung-transformatoren.de\/en\/impressum\/\" \/>\n<meta property=\"og:site_name\" content=\"Jung Transformatoren\" \/>\n<meta property=\"article:modified_time\" content=\"2022-10-27T18:55:51+00:00\" \/>\n<meta name=\"twitter:card\" content=\"summary_large_image\" \/>\n<meta name=\"twitter:label1\" content=\"Est. reading time\" \/>\n\t<meta name=\"twitter:data1\" content=\"2 minutes\" \/>\n<script type=\"application\/ld+json\" class=\"yoast-schema-graph\">{\"@context\":\"https:\/\/schema.org\",\"@graph\":[{\"@type\":\"WebPage\",\"@id\":\"https:\/\/jung-transformatoren.de\/en\/impressum\/\",\"url\":\"https:\/\/jung-transformatoren.de\/en\/impressum\/\",\"name\":\"Impressum - Jung Transformatoren\",\"isPartOf\":{\"@id\":\"https:\/\/jung-transformatoren.de\/en\/#website\"},\"datePublished\":\"2017-10-31T15:38:20+00:00\",\"dateModified\":\"2022-10-27T18:55:51+00:00\",\"breadcrumb\":{\"@id\":\"https:\/\/jung-transformatoren.de\/en\/impressum\/#breadcrumb\"},\"inLanguage\":\"en-US\",\"potentialAction\":[{\"@type\":\"ReadAction\",\"target\":[\"https:\/\/jung-transformatoren.de\/en\/impressum\/\"]}]},{\"@type\":\"BreadcrumbList\",\"@id\":\"https:\/\/jung-transformatoren.de\/en\/impressum\/#breadcrumb\",\"itemListElement\":[{\"@type\":\"ListItem\",\"position\":1,\"name\":\"Startseite\",\"item\":\"https:\/\/jung-transformatoren.de\/en\/\"},{\"@type\":\"ListItem\",\"position\":2,\"name\":\"Impressum\"}]},{\"@type\":\"WebSite\",\"@id\":\"https:\/\/jung-transformatoren.de\/en\/#website\",\"url\":\"https:\/\/jung-transformatoren.de\/en\/\",\"name\":\"Jung Transformatoren\",\"description\":\"Fertigung von Transformatoren mit h\u00f6chstem Qualit\u00e4tsstandard\",\"publisher\":{\"@id\":\"https:\/\/jung-transformatoren.de\/en\/#organization\"},\"potentialAction\":[{\"@type\":\"SearchAction\",\"target\":{\"@type\":\"EntryPoint\",\"urlTemplate\":\"https:\/\/jung-transformatoren.de\/en\/?s={search_term_string}\"},\"query-input\":{\"@type\":\"PropertyValueSpecification\",\"valueRequired\":true,\"valueName\":\"search_term_string\"}}],\"inLanguage\":\"en-US\"},{\"@type\":\"Organization\",\"@id\":\"https:\/\/jung-transformatoren.de\/en\/#organization\",\"name\":\"Jung Elektroger\u00e4tebau GmbH\",\"url\":\"https:\/\/jung-transformatoren.de\/en\/\",\"logo\":{\"@type\":\"ImageObject\",\"inLanguage\":\"en-US\",\"@id\":\"https:\/\/jung-transformatoren.de\/en\/#\/schema\/logo\/image\/\",\"url\":\"https:\/\/jung-transformatoren.de\/wp-content\/uploads\/2017\/11\/logo.png\",\"contentUrl\":\"https:\/\/jung-transformatoren.de\/wp-content\/uploads\/2017\/11\/logo.png\",\"width\":210,\"height\":58,\"caption\":\"Jung Elektroger\u00e4tebau GmbH\"},\"image\":{\"@id\":\"https:\/\/jung-transformatoren.de\/en\/#\/schema\/logo\/image\/\"}}]}<\/script>\n<!-- \/ Yoast SEO plugin. -->","yoast_head_json":{"title":"Impressum - Jung Transformatoren","robots":{"index":"index","follow":"follow","max-snippet":"max-snippet:-1","max-image-preview":"max-image-preview:large","max-video-preview":"max-video-preview:-1"},"canonical":"https:\/\/jung-transformatoren.de\/en\/impressum\/","og_locale":"en_US","og_type":"article","og_title":"Impressum - Jung Transformatoren","og_url":"https:\/\/jung-transformatoren.de\/en\/impressum\/","og_site_name":"Jung Transformatoren","article_modified_time":"2022-10-27T18:55:51+00:00","twitter_card":"summary_large_image","twitter_misc":{"Est. reading time":"2 minutes"},"schema":{"@context":"https:\/\/schema.org","@graph":[{"@type":"WebPage","@id":"https:\/\/jung-transformatoren.de\/en\/impressum\/","url":"https:\/\/jung-transformatoren.de\/en\/impressum\/","name":"Impressum - Jung Transformatoren","isPartOf":{"@id":"https:\/\/jung-transformatoren.de\/en\/#website"},"datePublished":"2017-10-31T15:38:20+00:00","dateModified":"2022-10-27T18:55:51+00:00","breadcrumb":{"@id":"https:\/\/jung-transformatoren.de\/en\/impressum\/#breadcrumb"},"inLanguage":"en-US","potentialAction":[{"@type":"ReadAction","target":["https:\/\/jung-transformatoren.de\/en\/impressum\/"]}]},{"@type":"BreadcrumbList","@id":"https:\/\/jung-transformatoren.de\/en\/impressum\/#breadcrumb","itemListElement":[{"@type":"ListItem","position":1,"name":"Startseite","item":"https:\/\/jung-transformatoren.de\/en\/"},{"@type":"ListItem","position":2,"name":"Impressum"}]},{"@type":"WebSite","@id":"https:\/\/jung-transformatoren.de\/en\/#website","url":"https:\/\/jung-transformatoren.de\/en\/","name":"Jung Transformatoren","description":"Fertigung von Transformatoren mit h\u00f6chstem Qualit\u00e4tsstandard","publisher":{"@id":"https:\/\/jung-transformatoren.de\/en\/#organization"},"potentialAction":[{"@type":"SearchAction","target":{"@type":"EntryPoint","urlTemplate":"https:\/\/jung-transformatoren.de\/en\/?s={search_term_string}"},"query-input":{"@type":"PropertyValueSpecification","valueRequired":true,"valueName":"search_term_string"}}],"inLanguage":"en-US"},{"@type":"Organization","@id":"https:\/\/jung-transformatoren.de\/en\/#organization","name":"Jung Elektroger\u00e4tebau GmbH","url":"https:\/\/jung-transformatoren.de\/en\/","logo":{"@type":"ImageObject","inLanguage":"en-US","@id":"https:\/\/jung-transformatoren.de\/en\/#\/schema\/logo\/image\/","url":"https:\/\/jung-transformatoren.de\/wp-content\/uploads\/2017\/11\/logo.png","contentUrl":"https:\/\/jung-transformatoren.de\/wp-content\/uploads\/2017\/11\/logo.png","width":210,"height":58,"caption":"Jung Elektroger\u00e4tebau GmbH"},"image":{"@id":"https:\/\/jung-transformatoren.de\/en\/#\/schema\/logo\/image\/"}}]}},"_links":{"self":[{"href":"https:\/\/jung-transformatoren.de\/en\/wp-json\/wp\/v2\/pages\/487","targetHints":{"allow":["GET"]}}],"collection":[{"href":"https:\/\/jung-transformatoren.de\/en\/wp-json\/wp\/v2\/pages"}],"about":[{"href":"https:\/\/jung-transformatoren.de\/en\/wp-json\/wp\/v2\/types\/page"}],"author":[{"embeddable":true,"href":"https:\/\/jung-transformatoren.de\/en\/wp-json\/wp\/v2\/users\/1"}],"replies":[{"embeddable":true,"href":"https:\/\/jung-transformatoren.de\/en\/wp-json\/wp\/v2\/comments?post=487"}],"version-history":[{"count":5,"href":"https:\/\/jung-transformatoren.de\/en\/wp-json\/wp\/v2\/pages\/487\/revisions"}],"predecessor-version":[{"id":951,"href":"https:\/\/jung-transformatoren.de\/en\/wp-json\/wp\/v2\/pages\/487\/revisions\/951"}],"wp:attachment":[{"href":"https:\/\/jung-transformatoren.de\/en\/wp-json\/wp\/v2\/media?parent=487"}],"curies":[{"name":"wp","href":"https:\/\/api.w.org\/{rel}","templated":true}]}}